{"id":185,"date":"2018-09-04T11:11:05","date_gmt":"2018-09-04T09:11:05","guid":{"rendered":"http:\/\/localhost\/wordpress\/?page_id=185"},"modified":"2025-02-12T08:25:02","modified_gmt":"2025-02-12T07:25:02","slug":"projekty","status":"publish","type":"page","link":"https:\/\/zsp1konskie.com\/?page_id=185","title":{"rendered":"Projekty"},"content":{"rendered":"<div class=\"wp-block-image\">\n<figure class=\"aligncenter size-full is-resized\"><a href=\"https:\/\/zsp1konskie.com\/?page_id=2325\"><img loading=\"lazy\" decoding=\"async\" width=\"450\" height=\"82\" src=\"https:\/\/zsp1konskie.com\/wp-content\/uploads\/2024\/10\/Nowe-perspektywy-w-nauce-i-nauczaniu.jpg\" alt=\"Logo Funduszy Europejskich Flaga Polski Flaga Unii Europejskiej \" class=\"wp-image-2321\" style=\"width:302px;height:auto\" srcset=\"https:\/\/zsp1konskie.com\/wp-content\/uploads\/2024\/10\/Nowe-perspektywy-w-nauce-i-nauczaniu.jpg 450w, https:\/\/zsp1konskie.com\/wp-content\/uploads\/2024\/10\/Nowe-perspektywy-w-nauce-i-nauczaniu-300x55.jpg 300w\" sizes=\"auto, (max-width: 450px) 100vw, 450px\" \/><\/a><\/figure>\n<\/div>\n\n\n<p><\/p>\n\n\n<div class=\"wp-block-image\">\n<figure class=\"aligncenter size-full is-resized\"><a href=\"https:\/\/zsp1konskie.com\/?page_id=2263\"><img decoding=\"async\" src=\"https:\/\/zsp1konskie.com\/wp-content\/uploads\/2024\/09\/MECHANIK-TO-DROGA-DO-SUKCESU.png\" alt=\"Logo Funduszy Europejskich Flaga Polski Flaga Unii Europejskiej Herb Wojew\u00f3dztwa \u015awi\u0119tokrzyskiego \" class=\"wp-image-2102\" style=\"width:302px;height:auto\"\/><\/a><\/figure>\n<\/div>\n\n\n<p><\/p>\n\n\n<div class=\"wp-block-image\">\n<figure class=\"aligncenter size-full is-resized\"><a href=\"https:\/\/zsp1konskie.com\/?page_id=2105\"><img loading=\"lazy\" decoding=\"async\" width=\"450\" height=\"82\" src=\"https:\/\/zsp1konskie.com\/wp-content\/uploads\/2024\/01\/ZAWODOWY-SUKCES-z-MECHANIKIEM.png\" alt=\"Logo Funduszy Europejskich Flaga Polski Flaga Unii Europejskiej Herb Wojew\u00f3dztwa \u015awi\u0119tokrzyskiego \" class=\"wp-image-2102\" style=\"width:302px;height:auto\" srcset=\"https:\/\/zsp1konskie.com\/wp-content\/uploads\/2024\/01\/ZAWODOWY-SUKCES-z-MECHANIKIEM.png 450w, https:\/\/zsp1konskie.com\/wp-content\/uploads\/2024\/01\/ZAWODOWY-SUKCES-z-MECHANIKIEM-300x55.png 300w\" sizes=\"auto, (max-width: 450px) 100vw, 450px\" \/><\/a><\/figure>\n<\/div>\n\n\n<p><\/p>\n\n\n<div class=\"wp-block-image\">\n<figure class=\"aligncenter size-full is-resized\"><a href=\"https:\/\/zsp1konskie.com\/?page_id=2369\"><img loading=\"lazy\" decoding=\"async\" width=\"450\" height=\"82\" src=\"https:\/\/zsp1konskie.com\/wp-content\/uploads\/2024\/11\/erasmus4.png\" alt=\"Logo Erasmus\" class=\"wp-image-2344\" style=\"width:300px;height:auto\" srcset=\"https:\/\/zsp1konskie.com\/wp-content\/uploads\/2024\/11\/erasmus4.png 450w, https:\/\/zsp1konskie.com\/wp-content\/uploads\/2024\/11\/erasmus4-300x55.png 300w\" sizes=\"auto, (max-width: 450px) 100vw, 450px\" \/><\/a><\/figure>\n<\/div>\n\n\n<p><\/p>\n\n\n<div class=\"wp-block-image\">\n<figure class=\"aligncenter size-full is-resized\"><a href=\"https:\/\/zsp1konskie.com\/?page_id=2092\"><img loading=\"lazy\" decoding=\"async\" width=\"450\" height=\"82\" src=\"https:\/\/zsp1konskie.com\/wp-content\/uploads\/2024\/01\/erasmus3.png\" alt=\"Logo Erasmus\" class=\"wp-image-2094\" style=\"width:300px;height:auto\" srcset=\"https:\/\/zsp1konskie.com\/wp-content\/uploads\/2024\/01\/erasmus3.png 450w, https:\/\/zsp1konskie.com\/wp-content\/uploads\/2024\/01\/erasmus3-300x55.png 300w\" sizes=\"auto, (max-width: 450px) 100vw, 450px\" \/><\/a><\/figure>\n<\/div>\n\n\n<p><\/p>\n\n\n\n<center><p><a href=\"https:\/\/zsp1konskie.com\/?page_id=1861\"><img loading=\"lazy\" decoding=\"async\" src=\"https:\/\/zsp1konskie.com\/wp-content\/uploads\/2023\/01\/erasmus2022-2.png\" alt=\"\" class=\"wp-image-1854\" width=\"301\" height=\"55\" srcset=\"https:\/\/zsp1konskie.com\/wp-content\/uploads\/2023\/01\/erasmus2022-2.png 450w, https:\/\/zsp1konskie.com\/wp-content\/uploads\/2023\/01\/erasmus2022-2-300x55.png 300w\" sizes=\"auto, (max-width: 301px) 100vw, 301px\" \/><\/a><\/p><\/center>\n\n\n\n<center><p><a href=\"https:\/\/zsp1konskie.com\/?page_id=1657\"><img loading=\"lazy\" decoding=\"async\" src=\"https:\/\/zsp1konskie.com\/wp-content\/uploads\/2022\/03\/erasmus2022.png\" alt=\"\" class=\"wp-image-1668\" width=\"299\" height=\"54\" srcset=\"https:\/\/zsp1konskie.com\/wp-content\/uploads\/2022\/03\/erasmus2022.png 450w, https:\/\/zsp1konskie.com\/wp-content\/uploads\/2022\/03\/erasmus2022-300x55.png 300w\" sizes=\"auto, (max-width: 299px) 100vw, 299px\" \/><\/a><\/p><\/center>\n\n\n\n<center><p><a href=\"https:\/\/zsp1konskie.com\/projekty\/dobryzawodpodstawasukcesu.html\"><img loading=\"lazy\" decoding=\"async\" src=\"https:\/\/zsp1konskie.com\/wp-content\/uploads\/2020\/10\/dobry-zawod-pod-sukcesu.png\" alt=\"\" class=\"wp-image-1442\" width=\"298\" height=\"54\" srcset=\"https:\/\/zsp1konskie.com\/wp-content\/uploads\/2020\/10\/dobry-zawod-pod-sukcesu.png 450w, https:\/\/zsp1konskie.com\/wp-content\/uploads\/2020\/10\/dobry-zawod-pod-sukcesu-300x55.png 300w\" sizes=\"auto, (max-width: 298px) 100vw, 298px\" \/><\/a><\/p><\/center>\n\n\n<p><a href=\"https:\/\/zsp1konskie.com\/projekty\/mechanikszansanarynkupracy.html\"><img loading=\"lazy\" decoding=\"async\" class=\"aligncenter wp-image-1056 size-medium\" src=\"https:\/\/zsp1konskie.com\/wp-content\/uploads\/2019\/10\/mechanik_szansa-2-300x55.png\" alt=\"\" width=\"300\" height=\"55\" srcset=\"https:\/\/zsp1konskie.com\/wp-content\/uploads\/2019\/10\/mechanik_szansa-2-300x55.png 300w, https:\/\/zsp1konskie.com\/wp-content\/uploads\/2019\/10\/mechanik_szansa-2.png 450w\" sizes=\"auto, (max-width: 300px) 100vw, 300px\" \/><\/a><\/p>\n<p><a href=\"https:\/\/zsp1konskie.com\/projekty\/ksztalceniedualne.html\"><img loading=\"lazy\" decoding=\"async\" class=\"aligncenter wp-image-652 size-medium\" src=\"https:\/\/zsp1konskie.com\/wp-content\/uploads\/2018\/09\/dual-300x55.png\" alt=\"\" width=\"300\" height=\"55\"><\/a><\/p>\n<p><a href=\"https:\/\/zsp1konskie.com\/projekty\/mechanikszkolaprzyszlosci.html\"><img loading=\"lazy\" decoding=\"async\" class=\"aligncenter wp-image-412 size-medium\" src=\"https:\/\/zsp1konskie.com\/wp-content\/uploads\/2018\/09\/msp-1-300x55.jpg\" alt=\"\" width=\"300\" height=\"55\" srcset=\"https:\/\/zsp1konskie.com\/wp-content\/uploads\/2018\/09\/msp-1-300x55.jpg 300w, https:\/\/zsp1konskie.com\/wp-content\/uploads\/2018\/09\/msp-1.jpg 450w\" sizes=\"auto, (max-width: 300px) 100vw, 300px\" \/><\/a><\/p>\n<p style=\"text-align: center;\"><a href=\"https:\/\/zsp1konskie.com\/projekty\/szkolazawodowa.html\"><img loading=\"lazy\" decoding=\"async\" class=\"alignnone wp-image-419 size-medium\" src=\"https:\/\/zsp1konskie.com\/wp-content\/uploads\/2018\/09\/szkolazawodowa-1-300x55.png\" alt=\"\" width=\"300\" height=\"55\" srcset=\"https:\/\/zsp1konskie.com\/wp-content\/uploads\/2018\/09\/szkolazawodowa-1-300x55.png 300w, https:\/\/zsp1konskie.com\/wp-content\/uploads\/2018\/09\/szkolazawodowa-1.png 450w\" sizes=\"auto, (max-width: 300px) 100vw, 300px\" \/><\/a><\/p>\n<p><a href=\"https:\/\/zsp1konskie.com\/projekty\/mobilna.html\"><img loading=\"lazy\" decoding=\"async\" class=\"aligncenter wp-image-411 size-medium\" src=\"https:\/\/zsp1konskie.com\/wp-content\/uploads\/2018\/09\/mobilna-1-300x55.jpg\" alt=\"\" width=\"300\" height=\"55\" srcset=\"https:\/\/zsp1konskie.com\/wp-content\/uploads\/2018\/09\/mobilna-1-300x55.jpg 300w, https:\/\/zsp1konskie.com\/wp-content\/uploads\/2018\/09\/mobilna-1.jpg 450w\" sizes=\"auto, (max-width: 300px) 100vw, 300px\" \/><\/a><\/p>\n<p><a href=\"https:\/\/zsp1konskie.com\/projekty\/szkolasukcesu.html\"><img loading=\"lazy\" decoding=\"async\" class=\"aligncenter wp-image-420 size-medium\" src=\"https:\/\/zsp1konskie.com\/wp-content\/uploads\/2018\/09\/szkolazawodowegologo-1-300x55.png\" alt=\"\" width=\"300\" height=\"55\" srcset=\"https:\/\/zsp1konskie.com\/wp-content\/uploads\/2018\/09\/szkolazawodowegologo-1-300x55.png 300w, https:\/\/zsp1konskie.com\/wp-content\/uploads\/2018\/09\/szkolazawodowegologo-1.png 450w\" sizes=\"auto, (max-width: 300px) 100vw, 300px\" \/><\/a><\/p>\n<p><a href=\"https:\/\/zsp1konskie.com\/projekty\/szkolakompetencji.html\"><img loading=\"lazy\" decoding=\"async\" class=\"aligncenter wp-image-417 size-medium\" src=\"https:\/\/zsp1konskie.com\/wp-content\/uploads\/2018\/09\/szkolakompetencjilogo-1-300x55.png\" alt=\"\" width=\"300\" height=\"55\" srcset=\"https:\/\/zsp1konskie.com\/wp-content\/uploads\/2018\/09\/szkolakompetencjilogo-1-300x55.png 300w, https:\/\/zsp1konskie.com\/wp-content\/uploads\/2018\/09\/szkolakompetencjilogo-1.png 450w\" sizes=\"auto, (max-width: 300px) 100vw, 300px\" \/><\/a><\/p>\n<p><a href=\"https:\/\/zsp1konskie.com\/projekty\/mzmp.html\"><img loading=\"lazy\" decoding=\"async\" class=\"aligncenter wp-image-413 size-medium\" src=\"https:\/\/zsp1konskie.com\/wp-content\/uploads\/2018\/09\/mzmp-1-300x55.jpg\" alt=\"\" width=\"300\" height=\"55\" srcset=\"https:\/\/zsp1konskie.com\/wp-content\/uploads\/2018\/09\/mzmp-1-300x55.jpg 300w, https:\/\/zsp1konskie.com\/wp-content\/uploads\/2018\/09\/mzmp-1.jpg 450w\" sizes=\"auto, (max-width: 300px) 100vw, 300px\" \/><\/a><\/p>\n<p><a href=\"https:\/\/zsp1konskie.com\/projekty\/davinci.html\"><img loading=\"lazy\" decoding=\"async\" class=\"aligncenter wp-image-421 size-medium\" src=\"https:\/\/zsp1konskie.com\/wp-content\/uploads\/2018\/09\/uczeniesie-1-300x55.jpg\" alt=\"\" width=\"300\" height=\"55\" srcset=\"https:\/\/zsp1konskie.com\/wp-content\/uploads\/2018\/09\/uczeniesie-1-300x55.jpg 300w, https:\/\/zsp1konskie.com\/wp-content\/uploads\/2018\/09\/uczeniesie-1.jpg 450w\" sizes=\"auto, (max-width: 300px) 100vw, 300px\" \/><\/a><\/p>\n<p><a href=\"https:\/\/zsp1konskie.com\/projekty\/comenius.html\"><img loading=\"lazy\" decoding=\"async\" class=\"aligncenter wp-image-404 size-medium\" src=\"https:\/\/zsp1konskie.com\/wp-content\/uploads\/2018\/09\/comeniusa-1-300x55.jpg\" alt=\"\" width=\"300\" height=\"55\" srcset=\"https:\/\/zsp1konskie.com\/wp-content\/uploads\/2018\/09\/comeniusa-1-300x55.jpg 300w, https:\/\/zsp1konskie.com\/wp-content\/uploads\/2018\/09\/comeniusa-1.jpg 450w\" sizes=\"auto, (max-width: 300px) 100vw, 300px\" \/><\/a><\/p>\n<p><a href=\"https:\/\/zsp1konskie.com\/projekty\/edukacjazawodowa.html\"><img loading=\"lazy\" decoding=\"async\" class=\"aligncenter wp-image-329 size-medium\" src=\"https:\/\/zsp1konskie.com\/wp-content\/uploads\/2018\/09\/edukacjazawodowalogo-300x55.jpg\" alt=\"\" width=\"300\" height=\"55\" srcset=\"https:\/\/zsp1konskie.com\/wp-content\/uploads\/2018\/09\/edukacjazawodowalogo-300x55.jpg 300w, https:\/\/zsp1konskie.com\/wp-content\/uploads\/2018\/09\/edukacjazawodowalogo.jpg 450w\" sizes=\"auto, (max-width: 300px) 100vw, 300px\" \/><\/a><\/p>\n<p><a href=\"https:\/\/zsp1konskie.com\/projekty\/blekitnypakiet.html\"><img loading=\"lazy\" decoding=\"async\" class=\"aligncenter wp-image-326 size-medium\" src=\"https:\/\/zsp1konskie.com\/wp-content\/uploads\/2018\/09\/blekitny-300x55.jpg\" alt=\"\" width=\"300\" height=\"55\" srcset=\"https:\/\/zsp1konskie.com\/wp-content\/uploads\/2018\/09\/blekitny-300x55.jpg 300w, https:\/\/zsp1konskie.com\/wp-content\/uploads\/2018\/09\/blekitny.jpg 450w\" sizes=\"auto, (max-width: 300px) 100vw, 300px\" \/><\/a><\/p>\n<p><a href=\"https:\/\/zsp1konskie.com\/projekty\/zielony.html\"><img loading=\"lazy\" decoding=\"async\" class=\"aligncenter wp-image-337 size-medium\" src=\"https:\/\/zsp1konskie.com\/wp-content\/uploads\/2018\/09\/scit-300x55.jpg\" alt=\"\" width=\"300\" height=\"55\" srcset=\"https:\/\/zsp1konskie.com\/wp-content\/uploads\/2018\/09\/scit-300x55.jpg 300w, https:\/\/zsp1konskie.com\/wp-content\/uploads\/2018\/09\/scit.jpg 450w\" sizes=\"auto, (max-width: 300px) 100vw, 300px\" \/><\/a><\/p>\n<p><a href=\"https:\/\/zsp1konskie.com\/wymiany\/wymiany.htm\"><img loading=\"lazy\" decoding=\"async\" class=\"aligncenter wp-image-333 size-medium\" src=\"https:\/\/zsp1konskie.com\/wp-content\/uploads\/2018\/09\/logo_pnwm-300x55.jpg\" alt=\"\" width=\"300\" height=\"55\" srcset=\"https:\/\/zsp1konskie.com\/wp-content\/uploads\/2018\/09\/logo_pnwm-300x55.jpg 300w, https:\/\/zsp1konskie.com\/wp-content\/uploads\/2018\/09\/logo_pnwm.jpg 450w\" sizes=\"auto, (max-width: 300px) 100vw, 300px\" \/><\/a><\/p>\n<p><a href=\"https:\/\/zsp1konskie.com\/wymiany\/wymiany.htm\"><img loading=\"lazy\" decoding=\"async\" class=\"aligncenter wp-image-407 size-medium\" src=\"https:\/\/zsp1konskie.com\/wp-content\/uploads\/2018\/09\/erasmus-1-300x55.jpg\" alt=\"\" width=\"300\" height=\"55\" srcset=\"https:\/\/zsp1konskie.com\/wp-content\/uploads\/2018\/09\/erasmus-1-300x55.jpg 300w, https:\/\/zsp1konskie.com\/wp-content\/uploads\/2018\/09\/erasmus-1.jpg 450w\" sizes=\"auto, (max-width: 300px) 100vw, 300px\" \/><\/a><a href=\"https:\/\/zsp1konskie.com\/projekty\/przyjazna_matematyka.html\"><img loading=\"lazy\" decoding=\"async\" class=\"aligncenter wp-image-752 size-medium\" src=\"https:\/\/zsp1konskie.com\/wp-content\/uploads\/2019\/01\/p_mat-300x55.png\" alt=\"\" width=\"300\" height=\"55\" srcset=\"https:\/\/zsp1konskie.com\/wp-content\/uploads\/2019\/01\/p_mat-300x55.png 300w, https:\/\/zsp1konskie.com\/wp-content\/uploads\/2019\/01\/p_mat.png 450w\" sizes=\"auto, (max-width: 300px) 100vw, 300px\" \/><\/a><\/p>\n<p><a href=\"https:\/\/zsp1konskie.com\/projekty\/kuznice.html\"><img loading=\"lazy\" decoding=\"async\" class=\"aligncenter wp-image-409 size-medium\" src=\"https:\/\/zsp1konskie.com\/wp-content\/uploads\/2018\/09\/kuznicekompetencji-1-300x55.png\" alt=\"\" width=\"300\" height=\"55\" srcset=\"https:\/\/zsp1konskie.com\/wp-content\/uploads\/2018\/09\/kuznicekompetencji-1-300x55.png 300w, https:\/\/zsp1konskie.com\/wp-content\/uploads\/2018\/09\/kuznicekompetencji-1.png 450w\" sizes=\"auto, (max-width: 300px) 100vw, 300px\" \/><\/a><\/p>\n<p><a href=\"https:\/\/zsp1konskie.com\/projekty\/kluczdowiedzy.html\"><img loading=\"lazy\" decoding=\"async\" class=\"aligncenter wp-image-408 size-medium\" src=\"https:\/\/zsp1konskie.com\/wp-content\/uploads\/2018\/09\/kluczdowiedzy-1-300x55.png\" alt=\"\" width=\"300\" height=\"55\" srcset=\"https:\/\/zsp1konskie.com\/wp-content\/uploads\/2018\/09\/kluczdowiedzy-1-300x55.png 300w, https:\/\/zsp1konskie.com\/wp-content\/uploads\/2018\/09\/kluczdowiedzy-1.png 450w\" sizes=\"auto, (max-width: 300px) 100vw, 300px\" \/><\/a><\/p>\n<p><a href=\"https:\/\/zsp1konskie.com\/projekty\/dobrystart.html\"><img loading=\"lazy\" decoding=\"async\" class=\"aligncenter wp-image-405 size-medium\" src=\"https:\/\/zsp1konskie.com\/wp-content\/uploads\/2018\/09\/dobrystart-1-300x55.png\" alt=\"\" width=\"300\" height=\"55\" srcset=\"https:\/\/zsp1konskie.com\/wp-content\/uploads\/2018\/09\/dobrystart-1-300x55.png 300w, https:\/\/zsp1konskie.com\/wp-content\/uploads\/2018\/09\/dobrystart-1.png 450w\" sizes=\"auto, (max-width: 300px) 100vw, 300px\" \/><\/a><\/p>","protected":false},"excerpt":{"rendered":"","protected":false},"author":1,"featured_media":0,"parent":0,"menu_order":0,"comment_status":"closed","ping_status":"closed","template":"","meta":{"footnotes":""},"class_list":["post-185","page","type-page","status-publish","h-entry","hentry","h-as-page"],"_links":{"self":[{"href":"https:\/\/zsp1konskie.com\/index.php?rest_route=\/wp\/v2\/pages\/185","targetHints":{"allow":["GET"]}}],"collection":[{"href":"https:\/\/zsp1konskie.com\/index.php?rest_route=\/wp\/v2\/pages"}],"about":[{"href":"https:\/\/zsp1konskie.com\/index.php?rest_route=\/wp\/v2\/types\/page"}],"author":[{"embeddable":true,"href":"https:\/\/zsp1konskie.com\/index.php?rest_route=\/wp\/v2\/users\/1"}],"replies":[{"embeddable":true,"href":"https:\/\/zsp1konskie.com\/index.php?rest_route=%2Fwp%2Fv2%2Fcomments&post=185"}],"version-history":[{"count":78,"href":"https:\/\/zsp1konskie.com\/index.php?rest_route=\/wp\/v2\/pages\/185\/revisions"}],"predecessor-version":[{"id":2378,"href":"https:\/\/zsp1konskie.com\/index.php?rest_route=\/wp\/v2\/pages\/185\/revisions\/2378"}],"wp:attachment":[{"href":"https:\/\/zsp1konskie.com\/index.php?rest_route=%2Fwp%2Fv2%2Fmedia&parent=185"}],"curies":[{"name":"wp","href":"https:\/\/api.w.org\/{rel}","templated":true}]}}