{"id":2263,"date":"2024-09-04T08:59:42","date_gmt":"2024-09-04T06:59:42","guid":{"rendered":"https:\/\/zsp1konskie.com\/?page_id=2263"},"modified":"2025-09-12T10:28:07","modified_gmt":"2025-09-12T08:28:07","slug":"mechanik-to-droga-do-sukcesu-2","status":"publish","type":"page","link":"https:\/\/zsp1konskie.com\/?page_id=2263","title":{"rendered":"MECHANIK TO DROGA DO SUKCESU"},"content":{"rendered":"<div class=\"wp-block-image\">\n<figure class=\"aligncenter size-large\"><img loading=\"lazy\" decoding=\"async\" width=\"1024\" height=\"80\" src=\"https:\/\/zsp1konskie.com\/wp-content\/uploads\/2024\/01\/Obraz1-1024x80.jpg\" alt=\"Logo Funduszy Europejskich Flaga Polski Flaga Unii Europejskiej Herb Wojew\u00f3dztwa \u015awi\u0119tokrzyskiego \" class=\"wp-image-2106\" srcset=\"https:\/\/zsp1konskie.com\/wp-content\/uploads\/2024\/01\/Obraz1-1024x80.jpg 1024w, https:\/\/zsp1konskie.com\/wp-content\/uploads\/2024\/01\/Obraz1-300x23.jpg 300w, https:\/\/zsp1konskie.com\/wp-content\/uploads\/2024\/01\/Obraz1-768x60.jpg 768w, https:\/\/zsp1konskie.com\/wp-content\/uploads\/2024\/01\/Obraz1-960x75.jpg 960w, https:\/\/zsp1konskie.com\/wp-content\/uploads\/2024\/01\/Obraz1.jpg 1275w\" sizes=\"auto, (max-width: 1024px) 100vw, 1024px\" \/><\/figure>\n<\/div>\n\n\n<h4 class=\"wp-block-heading\"><a href=\"https:\/\/zsp1konskie.com\/doc\/o_projekcie_MTDDS.pdf\">O projekcie<\/a><\/h4>\n\n\n\n<p><a href=\"https:\/\/zsp1konskie.com\/doc\/regulamin_projektu_MTDDS.pdf\">Regulamin projektu<\/a><\/p>\n\n\n\n<p><a href=\"https:\/\/zsp1konskie.com\/doc\/regulamin_rekrutacji_MTDDS.pdf\">Regulamin rekrutacji<\/a><\/p>\n\n\n\n<hr class=\"wp-block-separator has-alpha-channel-opacity\"\/>\n\n\n\n<h4 class=\"wp-block-heading\">Harmonogramy<\/h4>\n\n\n\n<p>Rok szkolny 2024\/2025 Semestr I<\/p>\n\n\n\n<p><a href=\"https:\/\/zsp1konskie.com\/doc\/harmonogramy_MTDDS_1.pdf\">Harmonogramy<\/a><\/p>\n\n\n\n<p>Rok szkolny 2024\/2025 Semestr II<\/p>\n\n\n\n<p><a href=\"https:\/\/zsp1konskie.com\/doc\/harmonogramy_MTDDS_2.pdf\">Harmonogramy<\/a><\/p>\n\n\n\n<p>Rok szkolny 2025\/2026 Semestr I<\/p>\n\n\n\n<p><a href=\"https:\/\/zsp1konskie.com\/doc\/harmonogramy_MTDDS_3.pdf\">Harmonogramy<\/a><\/p>\n\n\n\n<hr class=\"wp-block-separator has-alpha-channel-opacity\"\/>\n\n\n\n<h4 class=\"wp-block-heading\">Wyjazdy<\/h4>\n\n\n\n<p><a href=\"https:\/\/www.facebook.com\/ZSP1Konskie\/posts\/pfbid0EqzUaYKGqG6JQrn87daQbsykfXLz1mTouhorYymj4zkXJ1zBMJXiiQ4bKqFYt4mTl\">WIZYTA STUDYJNA KL. 4 TECHNIK ELEKTRYK I KL. 4 TECHNIK URZ\u0104DZE\u0143 I SYSTEM\u00d3W ENERGETYKI ODNAWIALNEJ NA TARGACH ENEX<\/a><\/p>\n\n\n\n<p><a href=\"https:\/\/www.facebook.com\/ZSP1Konskie\/posts\/pfbid02yE6Fr4D5WKhD3TKG2bkNqbZa5hH6i6bcVCqtSqUAX4UrzcSgawgm65KNhA1GdJX4l\">WIZYTA STUDYJNA KL. 4 TECHNIK ARCHITEKTURY KRAJOBRAZU NA TARGACH BRAN\u017bOWYCH<\/a><\/p>\n\n\n\n<p><a href=\"https:\/\/www.facebook.com\/ZSP1Konskie\/posts\/pfbid02GwsWwEPxhVD41N85Ga4fH1H6KhffTGTEHZVfJ4JJsTSi259XtLrzVPCBSaZ9x6Uql\">WIZYTA STUDYJNA KL. 4 TECHNIK INFORMATYK NA POLITECHNICE \u015aWI\u0118TOKRZYSKIEJ W KIELCACH<\/a><\/p>\n\n\n\n<hr class=\"wp-block-separator has-alpha-channel-opacity\"\/>\n\n\n\n<h4 class=\"wp-block-heading\">Szkolenia<\/h4>\n\n\n\n<p><a href=\"https:\/\/zsp1konskie.com\/doc\/szkolenie_naprawa_motocykla.pdf\">SZKOLENIE Z OBS\u0141UGI I NAPRAWY MOTOCYKLA<\/a><\/p>\n\n\n\n<p><a href=\"https:\/\/zsp1konskie.com\/doc\/szkolenie_cnc.pdf\">SZKOLENIE CNC<\/a><\/p>\n\n\n\n<p><a href=\"https:\/\/zsp1konskie.com\/doc\/szkolenie_spawanie.pdf\">SZKOLENIE F-GAZY, LUTOWANIE TWARDE<\/a><\/p>\n\n\n\n<p><a href=\"https:\/\/zsp1konskie.com\/doc\/szkolenie_druk3d.pdf\">SZKOLENIE DRUK 3D<\/a><\/p>\n\n\n\n<p><a href=\"https:\/\/zsp1konskie.com\/doc\/szkolenie_florystyka.pdf\">SZKOLENIE FLORYSTYKA<\/a><\/p>\n\n\n\n<p><a href=\"https:\/\/zsp1konskie.com\/doc\/szkolenie_spawanie2.pdf\">SZKOLENIE SPAWANIE<\/a><\/p>\n\n\n\n<p><a href=\"https:\/\/zsp1konskie.com\/doc\/szkolenie_dron.pdf\">SZKOLENIE PILOTA DRONA <\/a><\/p>\n\n\n\n<hr class=\"wp-block-separator has-alpha-channel-opacity\"\/>\n\n\n\n<h4 class=\"wp-block-heading\">Sta\u017ce<\/h4>\n\n\n\n<p><a href=\"https:\/\/www.facebook.com\/ZSP1Konskie\/posts\/pfbid0WyNjSFCWqjkhWyxPaRbnKBG7w9SfpAw8smU1PhwJA8tEqVHVM8vU8pJv9TjHTqavl\">STA\u017bE ZAWODOWE W RAMACH PROJEKTU<\/a>&nbsp;<\/p>\n\n\n\n<p><\/p>\n","protected":false},"excerpt":{"rendered":"<p>O projekcie Regulamin projektu Regulamin rekrutacji Harmonogramy Rok szkolny 2024\/2025 Semestr I Harmonogramy Rok szkolny 2024\/2025 Semestr II Harmonogramy Rok szkolny 2025\/2026 Semestr I Harmonogramy Wyjazdy WIZYTA STUDYJNA KL. 4 TECHNIK ELEKTRYK I KL. 4 TECHNIK URZ\u0104DZE\u0143 I SYSTEM\u00d3W ENERGETYKI ODNAWIALNEJ NA TARGACH ENEX WIZYTA STUDYJNA KL. 4 TECHNIK ARCHITEKTURY KRAJOBRAZU NA TARGACH BRAN\u017bOWYCH WIZYTA <a href=\"https:\/\/zsp1konskie.com\/?page_id=2263\" class=\"more-link\">Czytaj dalej...<span class=\"screen-reader-text\"> \"MECHANIK TO DROGA DO SUKCESU\"<\/span><\/a><\/p>\n","protected":false},"author":1,"featured_media":0,"parent":0,"menu_order":0,"comment_status":"closed","ping_status":"closed","template":"","meta":{"footnotes":""},"class_list":["post-2263","page","type-page","status-publish","h-entry","hentry","h-as-page"],"_links":{"self":[{"href":"https:\/\/zsp1konskie.com\/index.php?rest_route=\/wp\/v2\/pages\/2263","targetHints":{"allow":["GET"]}}],"collection":[{"href":"https:\/\/zsp1konskie.com\/index.php?rest_route=\/wp\/v2\/pages"}],"about":[{"href":"https:\/\/zsp1konskie.com\/index.php?rest_route=\/wp\/v2\/types\/page"}],"author":[{"embeddable":true,"href":"https:\/\/zsp1konskie.com\/index.php?rest_route=\/wp\/v2\/users\/1"}],"replies":[{"embeddable":true,"href":"https:\/\/zsp1konskie.com\/index.php?rest_route=%2Fwp%2Fv2%2Fcomments&post=2263"}],"version-history":[{"count":28,"href":"https:\/\/zsp1konskie.com\/index.php?rest_route=\/wp\/v2\/pages\/2263\/revisions"}],"predecessor-version":[{"id":2490,"href":"https:\/\/zsp1konskie.com\/index.php?rest_route=\/wp\/v2\/pages\/2263\/revisions\/2490"}],"wp:attachment":[{"href":"https:\/\/zsp1konskie.com\/index.php?rest_route=%2Fwp%2Fv2%2Fmedia&parent=2263"}],"curies":[{"name":"wp","href":"https:\/\/api.w.org\/{rel}","templated":true}]}}