{"id":2325,"date":"2024-10-27T20:56:00","date_gmt":"2024-10-27T19:56:00","guid":{"rendered":"https:\/\/zsp1konskie.com\/?page_id=2325"},"modified":"2025-03-24T10:35:24","modified_gmt":"2025-03-24T09:35:24","slug":"nowe-perspektywy-w-nauce-i-nauczaniu-2","status":"publish","type":"page","link":"https:\/\/zsp1konskie.com\/?page_id=2325","title":{"rendered":"NOWE PERSPEKTYWY W NAUCE I NAUCZANIU"},"content":{"rendered":"<div class=\"wp-block-image\">\n<figure class=\"aligncenter size-large is-resized\"><img loading=\"lazy\" decoding=\"async\" width=\"1024\" height=\"129\" src=\"https:\/\/zsp1konskie.com\/wp-content\/uploads\/2024\/10\/logo_baner_projekt-1024x129.png\" alt=\"Logo Funduszy Europejskich Flaga Polski Flaga Unii Europejskiej\" class=\"wp-image-2326\" style=\"width:559px;height:auto\" srcset=\"https:\/\/zsp1konskie.com\/wp-content\/uploads\/2024\/10\/logo_baner_projekt-1024x129.png 1024w, https:\/\/zsp1konskie.com\/wp-content\/uploads\/2024\/10\/logo_baner_projekt-300x38.png 300w, https:\/\/zsp1konskie.com\/wp-content\/uploads\/2024\/10\/logo_baner_projekt-768x96.png 768w, https:\/\/zsp1konskie.com\/wp-content\/uploads\/2024\/10\/logo_baner_projekt-960x121.png 960w, https:\/\/zsp1konskie.com\/wp-content\/uploads\/2024\/10\/logo_baner_projekt.png 1481w\" sizes=\"auto, (max-width: 1024px) 100vw, 1024px\" \/><\/figure>\n<\/div>\n\n\n<p class=\"has-text-align-center\"><strong>Rozpoczynamy rekrutacj\u0119 do do projektu: &nbsp;\u201eNowe perspektywy w nauce i nauczaniu\u201d.<\/strong><\/p>\n\n\n\n<p class=\"has-text-align-center\">Projekt wsp\u00f3\u0142finansowany jest przez Uni\u0119 Europejsk\u0105 ze \u015brodk\u00f3w Europejskiego Funduszu<br>Spo\u0142ecznego+, w Programie Fundusze Europejskie dla Rozwoju Spo\u0142ecznego 2021-2027 realizowanego na zasadach Programu Erasmus+ realizowanego przez Zesp\u00f3\u0142 Szk\u00f3\u0142 Ponadpodstawowych nr 1 w Ko\u0144skich<br>skierowanego do uczennic\/uczni\u00f3w z naszej szko\u0142y ucz\u0119szczaj\u0105cych do klas III \u2013 V.<\/p>\n\n\n\n<p class=\"has-text-align-center\">W ramach projektu dwie grupy po 10 uczni\u00f3w wyjad\u0105 z opiekunami na 7 dniow\u0105 mobilno\u015b\u0107<br>do Hiszpanii (w tym 5 dni zaj\u0119\u0107 merytorycznych). Ka\u017cdego dnia uczniowie b\u0119d\u0105 bra\u0107 udzia\u0142<br>w zaj\u0119ciach wsp\u00f3lnie z r\u00f3wie\u015bnikami ze szko\u0142y przyjmuj\u0105cej.<\/p>\n\n\n\n<p class=\"has-text-align-center\">Regulamin rekrutacji i Formularz zg\u0142oszeniowy jest dost\u0119pny w bibliotece szkolnej.<br>Wype\u0142niony formularz wraz z p\u0142yt\u0105 CD zawieraj\u0105c\u0105 film\/prezentacj\u0119 pn. \u201eMoje kompetencje<br>europejskie\u201d nale\u017cy z\u0142o\u017cy\u0107 w bibliotece szkolnej do dnia 20 listopada 2024r.<\/p>\n\n\n\n<p class=\"has-text-align-center\">Zach\u0119camy do udzia\u0142u!!!<\/p>\n\n\n\n<hr class=\"wp-block-separator has-alpha-channel-opacity\"\/>\n\n\n\n<p class=\"has-text-align-center\"><strong>Rozpoczynamy rekrutacj\u0119 do do projektu: &nbsp;\u201eNowe perspektywy w nauce i nauczaniu\u201d.<\/strong><\/p>\n\n\n\n<p class=\"has-text-align-center\">wsp\u00f3\u0142finansowanego przez Uni\u0119 Europejsk\u0105 ze \u015brodk\u00f3w Europejskiego Funduszu<br>Spo\u0142ecznego+, w Programie Fundusze Europejskie dla Rozwoju Spo\u0142ecznego 2021-2027 realizowanego na zasadach Programu Erasmus+ realizowanego przez Zesp\u00f3\u0142 Szk\u00f3\u0142 Ponadpodstawowych nr 1 w Ko\u0144skich skierowanego do <strong>nauczycieli z naszej szko\u0142y<\/strong>.<\/p>\n\n\n\n<p class=\"has-text-align-center\">W ramach projektu dwie grupy po 5 nauczycieli wyjad\u0105 na 7 dniowe szkolenie do Hiszpanii                     (w tym 5dni zaj\u0119\u0107 merytorycznych).<br>Termin realizacji 29.06.2025r. \u2013 05.07.2025r.<br>Regulamin rekrutacji i Formularz zg\u0142oszeniowy jest dost\u0119pny w sekretariacie.<br>Wype\u0142niony formularz nale\u017cy z\u0142o\u017cy\u0107 w sekretariacie do dnia 28 lutego 2025r.<\/p>\n\n\n\n<p class=\"has-text-align-center\">Zach\u0119camy do udzia\u0142u!!!<\/p>\n\n\n\n<p><a href=\"https:\/\/zsp1konskie.com\/doc\/o_projekcie_NPWNIN.pdf\"><strong>O projekcie<\/strong><\/a><\/p>\n\n\n\n<p><strong><a href=\"https:\/\/zsp1konskie.com\/doc\/regulamin_rekrutacji_NPWNIN.pdf\">Regulamin rekrutacji<\/a><\/strong> <\/p>\n\n\n\n<p><strong><a href=\"https:\/\/zsp1konskie.com\/doc\/regulamin_rekrutacji_NPWNIN_nauczyciele.pdf\">Regulamin rekrutacji dla nauczycieli<\/a><\/strong><\/p>\n\n\n\n<p><a href=\"http:\/\/academy.europa.eu\/local\/euacademy\/pages\/course\/assessment-overview.php?title=english-placement-test\">Test kwalifikacyjny z j\u0119zyka angielskiego<\/a><\/p>\n\n\n\n<p><a href=\"https:\/\/zsp1konskie.com\/doc\/RODO_ERASMUS.pdf\"><strong>RODO<\/strong><\/a><\/p>\n\n\n\n<p><strong><a href=\"https:\/\/www.facebook.com\/groups\/1580756899503088\/\">Grupa Facebook<\/a><\/strong><\/p>\n","protected":false},"excerpt":{"rendered":"<p>Rozpoczynamy rekrutacj\u0119 do do projektu: &nbsp;\u201eNowe perspektywy w nauce i nauczaniu\u201d. Projekt wsp\u00f3\u0142finansowany jest przez Uni\u0119 Europejsk\u0105 ze \u015brodk\u00f3w Europejskiego FunduszuSpo\u0142ecznego+, w Programie Fundusze Europejskie dla Rozwoju Spo\u0142ecznego 2021-2027 realizowanego na zasadach Programu Erasmus+ realizowanego przez Zesp\u00f3\u0142 Szk\u00f3\u0142 Ponadpodstawowych nr 1 w Ko\u0144skichskierowanego do uczennic\/uczni\u00f3w z naszej szko\u0142y ucz\u0119szczaj\u0105cych do klas III \u2013 V. W <a href=\"https:\/\/zsp1konskie.com\/?page_id=2325\" class=\"more-link\">Czytaj dalej...<span class=\"screen-reader-text\"> \"NOWE PERSPEKTYWY W NAUCE I NAUCZANIU\"<\/span><\/a><\/p>\n","protected":false},"author":1,"featured_media":0,"parent":0,"menu_order":0,"comment_status":"closed","ping_status":"closed","template":"","meta":{"footnotes":""},"class_list":["post-2325","page","type-page","status-publish","h-entry","hentry","h-as-page"],"_links":{"self":[{"href":"https:\/\/zsp1konskie.com\/index.php?rest_route=\/wp\/v2\/pages\/2325","targetHints":{"allow":["GET"]}}],"collection":[{"href":"https:\/\/zsp1konskie.com\/index.php?rest_route=\/wp\/v2\/pages"}],"about":[{"href":"https:\/\/zsp1konskie.com\/index.php?rest_route=\/wp\/v2\/types\/page"}],"author":[{"embeddable":true,"href":"https:\/\/zsp1konskie.com\/index.php?rest_route=\/wp\/v2\/users\/1"}],"replies":[{"embeddable":true,"href":"https:\/\/zsp1konskie.com\/index.php?rest_route=%2Fwp%2Fv2%2Fcomments&post=2325"}],"version-history":[{"count":18,"href":"https:\/\/zsp1konskie.com\/index.php?rest_route=\/wp\/v2\/pages\/2325\/revisions"}],"predecessor-version":[{"id":2407,"href":"https:\/\/zsp1konskie.com\/index.php?rest_route=\/wp\/v2\/pages\/2325\/revisions\/2407"}],"wp:attachment":[{"href":"https:\/\/zsp1konskie.com\/index.php?rest_route=%2Fwp%2Fv2%2Fmedia&parent=2325"}],"curies":[{"name":"wp","href":"https:\/\/api.w.org\/{rel}","templated":true}]}}