{"id":363,"date":"2018-09-05T16:31:51","date_gmt":"2018-09-05T14:31:51","guid":{"rendered":"http:\/\/localhost\/wordpress\/?page_id=363"},"modified":"2025-02-13T11:50:41","modified_gmt":"2025-02-13T10:50:41","slug":"osiagniecia-2","status":"publish","type":"page","link":"https:\/\/zsp1konskie.com\/?page_id=363","title":{"rendered":"Osi\u0105gni\u0119cia"},"content":{"rendered":"<div class=\"post-content\">\n<div class=\"post-body\">\n<h3 style=\"text-align: center;\">SPORT<\/h3>\n<h3 style=\"text-align: center;\"><a href=\"https:\/\/zsp1konskie.com\/web\/osiagniecia\/lekkoatletyka.htm\"><img loading=\"lazy\" decoding=\"async\" class=\"alignleft wp-image-382 size-full\" src=\"https:\/\/zsp1konskie.com\/wp-content\/uploads\/2018\/09\/s_1.png\" alt=\"\" width=\"32\" height=\"32\" \/><\/a> <a href=\"https:\/\/zsp1konskie.com\/web\/osiagniecia\/sjz.htm\"><img loading=\"lazy\" decoding=\"async\" class=\"alignleft wp-image-383 size-full\" src=\"https:\/\/zsp1konskie.com\/wp-content\/uploads\/2018\/09\/s_2.png\" alt=\"\" width=\"32\" height=\"32\" \/><\/a>\u00a0\u00a0 <a href=\"https:\/\/zsp1konskie.com\/web\/osiagniecia\/pn.htm\"><img loading=\"lazy\" decoding=\"async\" class=\"alignleft wp-image-386 size-full\" src=\"https:\/\/zsp1konskie.com\/wp-content\/uploads\/2018\/09\/s_5.png\" alt=\"\" width=\"32\" height=\"32\" \/><\/a> <a href=\"https:\/\/zsp1konskie.com\/web\/osiagniecia\/lsz.htm\"><img loading=\"lazy\" decoding=\"async\" class=\"alignleft wp-image-387 size-full\" src=\"https:\/\/zsp1konskie.com\/wp-content\/uploads\/2018\/09\/s_6.png\" alt=\"\" width=\"32\" height=\"32\" \/><\/a> <a href=\"https:\/\/zsp1konskie.com\/web\/osiagniecia\/ts.htm\"><img loading=\"lazy\" decoding=\"async\" class=\"alignleft wp-image-388 size-full\" src=\"https:\/\/zsp1konskie.com\/wp-content\/uploads\/2018\/09\/s_7.png\" alt=\"\" width=\"32\" height=\"32\" \/><\/a> <a href=\"https:\/\/zsp1konskie.com\/web\/osiagniecia\/pl.htm\"><img loading=\"lazy\" decoding=\"async\" class=\"alignleft wp-image-389 size-full\" src=\"https:\/\/zsp1konskie.com\/wp-content\/uploads\/2018\/09\/s_8.png\" alt=\"\" width=\"32\" height=\"32\" \/><\/a> <a href=\"https:\/\/zsp1konskie.com\/web\/osiagniecia\/kosz.htm\"><img loading=\"lazy\" decoding=\"async\" class=\"alignleft wp-image-390 size-full\" src=\"https:\/\/zsp1konskie.com\/wp-content\/uploads\/2018\/09\/s_9.png\" alt=\"\" width=\"32\" height=\"32\" \/><\/a>\u00a0<a href=\"https:\/\/zsp1konskie.com\/web\/osiagniecia\/mar.htm\"><img loading=\"lazy\" decoding=\"async\" class=\"alignleft wp-image-391 size-full\" src=\"https:\/\/zsp1konskie.com\/wp-content\/uploads\/2018\/09\/s_10.png\" alt=\"\" width=\"32\" height=\"32\" \/><\/a> <a href=\"https:\/\/zsp1konskie.com\/web\/osiagniecia\/bro.htm\"><img loading=\"lazy\" decoding=\"async\" class=\"alignleft wp-image-392 size-full\" src=\"https:\/\/zsp1konskie.com\/wp-content\/uploads\/2018\/09\/s_11.png\" alt=\"\" width=\"32\" height=\"32\" \/><\/a> <a href=\"https:\/\/zsp1konskie.com\/web\/osiagniecia\/odznaczenia.htm\"><img loading=\"lazy\" decoding=\"async\" class=\"alignleft wp-image-393 size-full\" src=\"https:\/\/zsp1konskie.com\/wp-content\/uploads\/2018\/09\/s_12.png\" alt=\"\" width=\"32\" height=\"32\" \/><\/a><\/h3>\n<h3 style=\"text-align: center;\"><a href=\"https:\/\/zsp1konskie.com\/web\/osiagniecia\/pr.htm\"><img loading=\"lazy\" decoding=\"async\" class=\"alignleft wp-image-384 size-full\" src=\"https:\/\/zsp1konskie.com\/wp-content\/uploads\/2018\/09\/s_3.png\" alt=\"\" width=\"32\" height=\"32\" \/><\/a><a href=\"https:\/\/zsp1konskie.com\/web\/osiagniecia\/ps.htm\"><img loading=\"lazy\" decoding=\"async\" class=\"alignleft wp-image-385 size-full\" src=\"https:\/\/zsp1konskie.com\/wp-content\/uploads\/2018\/09\/s_4.png\" alt=\"\" width=\"32\" height=\"32\" \/><\/a><\/h3>\n<h3 style=\"text-align: center;\">NAUKA<\/h3>\n<h4 style=\"text-align: center;\">Uczniowie ZSP 1 Ko\u0144skie z I miejscem w Og\u00f3lnopolskim Turnieju Maszyn Wiatrowych<\/h4>\n<p style=\"text-align: center;\">Uczniowie Wiktoria Zamachowska, Zuzanna Milewska, S\u0142awomir Ko\u0142odziejczyk - opiekun<\/p>\n<div class=\"wp-block-image\"><img loading=\"lazy\" decoding=\"async\" class=\"wpa-warning wpa-image-missing-alt  aligncenter wp-image-2296\" src=\"https:\/\/zsp1konskie.com\/wp-content\/uploads\/2024\/09\/Druzyna-z-Mechanika-wygrywa-w-Ogolnopolskim-Turnieju-Maszyn-Wiatrowych-2-225x300.jpeg\" alt=\"Zwyci\u0119ska dru\u017cyna w Turnieju Maszyn Wiatrowych \" width=\"227\" height=\"302\" data-warning=\"Missing alt text\" srcset=\"https:\/\/zsp1konskie.com\/wp-content\/uploads\/2024\/09\/Druzyna-z-Mechanika-wygrywa-w-Ogolnopolskim-Turnieju-Maszyn-Wiatrowych-2-225x300.jpeg 225w, https:\/\/zsp1konskie.com\/wp-content\/uploads\/2024\/09\/Druzyna-z-Mechanika-wygrywa-w-Ogolnopolskim-Turnieju-Maszyn-Wiatrowych-2-768x1024.jpeg 768w, https:\/\/zsp1konskie.com\/wp-content\/uploads\/2024\/09\/Druzyna-z-Mechanika-wygrywa-w-Ogolnopolskim-Turnieju-Maszyn-Wiatrowych-2-960x1280.jpeg 960w, https:\/\/zsp1konskie.com\/wp-content\/uploads\/2024\/09\/Druzyna-z-Mechanika-wygrywa-w-Ogolnopolskim-Turnieju-Maszyn-Wiatrowych-2.jpeg 1050w\" sizes=\"auto, (max-width: 227px) 100vw, 227px\" \/><\/div>\n<p style=\"text-align: center;\">\n<\/div>\n<\/div>\n","protected":false},"excerpt":{"rendered":"<p>SPORT \u00a0\u00a0 \u00a0 NAUKA Uczniowie ZSP 1 Ko\u0144skie z I miejscem w Og\u00f3lnopolskim Turnieju Maszyn Wiatrowych Uczniowie Wiktoria Zamachowska, Zuzanna Milewska, S\u0142awomir Ko\u0142odziejczyk - opiekun<\/p>\n","protected":false},"author":1,"featured_media":0,"parent":0,"menu_order":0,"comment_status":"closed","ping_status":"closed","template":"","meta":{"footnotes":""},"class_list":["post-363","page","type-page","status-publish","h-entry","hentry","h-as-page"],"_links":{"self":[{"href":"https:\/\/zsp1konskie.com\/index.php?rest_route=\/wp\/v2\/pages\/363","targetHints":{"allow":["GET"]}}],"collection":[{"href":"https:\/\/zsp1konskie.com\/index.php?rest_route=\/wp\/v2\/pages"}],"about":[{"href":"https:\/\/zsp1konskie.com\/index.php?rest_route=\/wp\/v2\/types\/page"}],"author":[{"embeddable":true,"href":"https:\/\/zsp1konskie.com\/index.php?rest_route=\/wp\/v2\/users\/1"}],"replies":[{"embeddable":true,"href":"https:\/\/zsp1konskie.com\/index.php?rest_route=%2Fwp%2Fv2%2Fcomments&post=363"}],"version-history":[{"count":24,"href":"https:\/\/zsp1konskie.com\/index.php?rest_route=\/wp\/v2\/pages\/363\/revisions"}],"predecessor-version":[{"id":2387,"href":"https:\/\/zsp1konskie.com\/index.php?rest_route=\/wp\/v2\/pages\/363\/revisions\/2387"}],"wp:attachment":[{"href":"https:\/\/zsp1konskie.com\/index.php?rest_route=%2Fwp%2Fv2%2Fmedia&parent=363"}],"curies":[{"name":"wp","href":"https:\/\/api.w.org\/{rel}","templated":true}]}}