{"id":8,"date":"2018-08-30T12:44:58","date_gmt":"2018-08-30T10:44:58","guid":{"rendered":"http:\/\/localhost\/wordpress\/?page_id=8"},"modified":"2018-10-26T13:07:46","modified_gmt":"2018-10-26T11:07:46","slug":"o-nas","status":"publish","type":"page","link":"https:\/\/zsp1konskie.com\/?page_id=8","title":{"rendered":"O szkole"},"content":{"rendered":"<h4><span style=\"color: #ff0000;\">Historia szko\u0142y<br \/>\n<\/span><\/h4>\n<p>Pocz\u0105tki s\u0142ynnego \"Mechanika\" si\u0119gaj\u0105 1945r. W\u00f3wczas, niew\u0105tpliwie na fali rado\u015bci spowodowanej zako\u0144czeniem dzia\u0142a\u0144 wojennych, podj\u0119to pr\u00f3by reaktywowania istniej\u0105cych szk\u00f3\u0142 oraz tworzenia nowych. Mimo ogromnych trudno\u015bci organizacyjnych i materialnych, uda\u0142o si\u0119 w kwietniu 1945r. zainaugurowa\u0107 pierwszy rok szkolny w Miejskim Gimnazjum Mechanicznym w Ko\u0144skich przy ul. \u017beromskiego 3. W dw\u00f3ch salach lekcyjnych nauk\u0119 rozpocz\u0119\u0142o 67 uczni\u00f3w. Pierwszym dyrektorem zosta\u0142 in\u017c. Jerzy Piwkowski.<\/p>\n<p>Na przestrzeni lat zmienia\u0142a si\u0119 siedziba oraz stan liczebny i organizacyjny plac\u00f3wki. Ju\u017c w 1946r. przeniesiono szko\u0142\u0119 do budynku przy ul.1 Maja. Przed\u0142u\u017cenie nauki do 4 lat oraz wzrost liczby uczni\u00f3w powodowa\u0142y konieczno\u015b\u0107 poprawy warunk\u00f3w lokalowych gimnazjum. Dnia 1 wrze\u015bnia 1948r., po transformacji organizacyjnej, Gimnazjum i Liceum Mechaniczne w Ko\u0144skich rozpocz\u0119\u0142o nauk\u0119 r\u00f3wnie\u017c w nowych, wydzier\u017cawionych, obiektach przy ul. Warsztatowej 2. Kolejne trzy lata to okres przemian organizacyjnych i strukturalnych szkolnictwa zawodowego. Dotkn\u0119\u0142y one r\u00f3wnie\u017c naszej szko\u0142y, kt\u00f3ra od 1950 r. posiada\u0142a statut Technikum Mechaniczno-Odlewniczego Ministerstwa Przemys\u0142u Maszynowego. Funkcjonowanie plac\u00f3wki zwi\u0105zane by\u0142o \u015bci\u015ble z przemys\u0142em metalowym i odlewnictwem regionu koneckiego. Jednocze\u015bnie wykrystalizowa\u0142y si\u0119 dwa g\u0142\u00f3wne kierunki kszta\u0142cenia: mechaniczny - obr\u00f3bka metali skrawaniem i odlewniczy - technologia odlewnictwa. W tym czasie szko\u0142a prze\u017cywa\u0142a pierwszy szczyt rozkwitu organizacyjnego i poziomu naukowego.<\/p>\n<p>W nast\u0119pnych latach podj\u0119to fatalne w skutkach decyzje o likwidacji kierunku mechanicznego. Technikum zmala\u0142o do kad\u0142ubowej, jednokierunkowej szko\u0142y. W 1953 r. zmieni\u0142 si\u0119 r\u00f3wnie\u017c dyrektor. Kierownictwo obj\u0105\u0142 Mieczys\u0142aw Kowalski. Sytuacja organizacyjna i materialna szko\u0142y sta\u0142a si\u0119 trudna. Pomocn\u0105 d\u0142o\u0144 wyci\u0105gn\u0119li w\u00f3wczas rodzice. Ze \u015brodk\u00f3w Komitetu Rodzicielskiego zakupiono najpotrzebniejsze pomoce dydaktyczne, ksi\u0105\u017cki, sprz\u0119t sportowy. Natomiast przy wyposa\u017ceniu warsztat\u00f3w szkolnych du\u017c\u0105 pomoc okaza\u0142y Koneckie Zak\u0142ady Odlewnicze.<\/p>\n<p>Rok 1958 przyni\u00f3s\u0142 kolejne wa\u017cne zmiany organizacyjne. Podj\u0119to w\u00f3wczas decyzj\u0119 o po\u0142\u0105czeniu Zasadniczej Szko\u0142y Odlewniczej w Ko\u0144skich z Technikum Mechaniczno-Odlewniczym. Siedzib\u0105 szko\u0142y sta\u0142y si\u0119 pomieszczenia technikum przy ul. Warsztatowej. Dyrektorem zosta\u0142 in\u017c. Henryk Konatkowski. Pocz\u0105tek lat 60-tych to czas, kiedy reaktywowano specjalno\u015b\u0107 obr\u00f3bka skrawaniem. Nadal jednak du\u017cym problemem pozostawa\u0142y trudne warunki lokalowe. W zwi\u0105zku z tym dyrekcja, Rada Pedagogiczna i Komitet Rodzicielski wyst\u0105pi\u0142y z inicjatyw\u0105 budowy nowych obiekt\u00f3w szkolnych. Przej\u015bcie do nowego budynku przy ul. Staszica 5 nast\u0105pi\u0142o we wrze\u015bniu i pa\u017adzierniku 1971r. Dwa lata p\u00f3\u017aniej oddano do u\u017cytku nowy obiekt warsztat\u00f3w.<\/p>\n<p>Dnia 1 wrze\u015bnia 1976r. zainaugurowano kolejny rok szkolny z zbiorczej plac\u00f3wce pod nazw\u0105 Zesp\u00f3\u0142 Szk\u00f3\u0142 Zawodowych nr 1 w Ko\u0144skich, od 1978r. ZSP nr 1 im. Janka Krasickiego. W nowym kszta\u0142cie organizacyjnym, opr\u00f3cz Technikum i Zasadniczej Szko\u0142y Zawodowej, funkcjonowa\u0142o r\u00f3wnie\u017c Liceum Zawodowe, Policealne Studium Zawodowe, \u015arednie Studium Zawodowe oraz Technikum dla Pracuj\u0105cych. Funkcj\u0119 dyrektora obj\u0105\u0142 mgr in\u017c. Sylwester Kurek, zast\u0119puj\u0105c na tym stanowisku urz\u0119duj\u0105cego od 1969r. mgr Stanis\u0142awa Majewskiego.<\/p>\n<p>Zar\u00f3wno dyrekcja, nauczyciele, jak i uczniowie podejmowali szereg dzia\u0142a\u0144, maj\u0105cych na celu wzbogacenie i wyposa\u017cenie pracowni szkolnych. Wiele pomocy dydaktycznych wykonywali uczniowie w ramach prac dyplomowych z przygotowania zawodowego.<\/p>\n<p>Rok szkolny 1983\/1984 zainaugurowa\u0142 nowy dyrektor, d\u0142ugoletni nauczyciel szko\u0142y mgr Gustaw Sobieraj, kt\u00f3ry kontynuowa\u0142 dzia\u0142ania swoich poprzednik\u00f3w.<\/p>\n<p>W latach 80-tych pojawi\u0142y si\u0119 problemy, wynikaj\u0105ce w du\u017cej mierze z sytuacji spo\u0142eczno-politycznej i gospodarczej w kraju. Upadaj\u0105cy przemys\u0142 metalowy powodowa\u0142 brak zainteresowania m\u0142odzie\u017cy kontynuowaniem nauki w zawodach metalowych. Przejawia\u0142o si\u0119 to w niskim naborze do szko\u0142y. Dyrekcja podejmowa\u0142a szereg dzia\u0142a\u0144 maj\u0105cych na celu zminimalizowanie skutk\u00f3w ma\u0142ego naboru.<\/p>\n<p>Nale\u017cy podkre\u015bli\u0107, ze uczniowie w tym czasie odnosili wiele sukces\u00f3w, szczeg\u00f3lnie w zakresie dzia\u0142alno\u015bci kulturalnej i artystycznej.<\/p>\n<p>Rok 1990 przyni\u00f3s\u0142 kolejn\u0105 zmian\u0119 na stanowisku dyrektora szko\u0142y. Funkcj\u0119 t\u0119 obj\u0105\u0142 mgr Zbigniew Tokarski. Nowy dyrektor i Rada Pedagogiczna za g\u0142\u00f3wny cel postawili sobie rozw\u00f3j organizacyjny plac\u00f3wki oraz wdro\u017cenie nowych specjalno\u015bci i kierunk\u00f3w kszta\u0142cenia. Przynios\u0142o to oczekiwane rezultaty. W roku szkolnym 1994\/1995 rozpocz\u0119\u0142o nauk\u0119 842 uczni\u00f3w w 28 oddzia\u0142ach, podczas gdy cztery lata wcze\u015bniej uczy\u0142y si\u0119 w szkole 582 osoby. Problemy jednak nie znikn\u0119\u0142y. Przed dyrekcj\u0105, nauczycielami, a tak\u017ce uczniami i ich rodzicami stan\u0119\u0142y trudne zadania, wynikaj\u0105ce ze z\u0142o\u017conych problem\u00f3w transformacji ustrojowej pa\u0144stwa, zmiany reali\u00f3w ekonomicznych i chronicznego braku \u015brodk\u00f3w w bud\u017cecie o\u015bwiaty.<\/p>\n<p>Podejmowane by\u0142y jednak zadania zmierzaj\u0105ce do poprawy bazy lekcyjnej, warsztatowej, a tak\u017ce sportowej naszej szko\u0142y. Nale\u017cy podkre\u015bli\u0107, \u017ce uczniowie odnosili i nadal odnosz\u0105 sukcesy sportowe na arenie wojew\u00f3dzkiej i krajowej.<\/p>\n<p>Po reformie szkolnictwa plac\u00f3wka nosi nazw\u0119 Zespo\u0142u Szk\u00f3\u0142 Ponadgimnazjalnych nr 1 w Ko\u0144skich. W roku 2003 nast\u0105pi\u0142a kolejna zmiana na stanowisku dyrektora. Funkcj\u0119 t\u0119 obj\u0105\u0142 mgr Krzysztof Jasi\u0144ski.<\/p>\n<p>W roku 2011 dyrektorem zosta\u0142a pani Beata Jakubowska. To pierwsza kobieta na tym stanowisku w historii szko\u0142y.<\/p>\n<p>Obecnie \"Mechanik\" jest najliczniejsz\u0105 szko\u0142\u0105 \u015bredni\u0105 w Ko\u0144skich. W Technikum oraz Zasadniczej Szkole Zawodowej nauk\u0119 pobiera ok. 600 uczni\u00f3w.<\/p>\n","protected":false},"excerpt":{"rendered":"<p>Historia szko\u0142y Pocz\u0105tki s\u0142ynnego \"Mechanika\" si\u0119gaj\u0105 1945r. W\u00f3wczas, niew\u0105tpliwie na fali rado\u015bci spowodowanej zako\u0144czeniem dzia\u0142a\u0144 wojennych, podj\u0119to pr\u00f3by reaktywowania istniej\u0105cych szk\u00f3\u0142 oraz tworzenia nowych. Mimo ogromnych trudno\u015bci organizacyjnych i materialnych, uda\u0142o si\u0119 w kwietniu 1945r. zainaugurowa\u0107 pierwszy rok szkolny w Miejskim Gimnazjum Mechanicznym w Ko\u0144skich przy ul. \u017beromskiego 3. W dw\u00f3ch salach lekcyjnych nauk\u0119 rozpocz\u0119\u0142o <a href=\"https:\/\/zsp1konskie.com\/?page_id=8\" class=\"more-link\">Czytaj dalej...<span class=\"screen-reader-text\"> \"O szkole\"<\/span><\/a><\/p>\n","protected":false},"author":1,"featured_media":0,"parent":0,"menu_order":0,"comment_status":"closed","ping_status":"closed","template":"","meta":{"footnotes":""},"class_list":["post-8","page","type-page","status-publish","h-entry","hentry","h-as-page"],"_links":{"self":[{"href":"https:\/\/zsp1konskie.com\/index.php?rest_route=\/wp\/v2\/pages\/8","targetHints":{"allow":["GET"]}}],"collection":[{"href":"https:\/\/zsp1konskie.com\/index.php?rest_route=\/wp\/v2\/pages"}],"about":[{"href":"https:\/\/zsp1konskie.com\/index.php?rest_route=\/wp\/v2\/types\/page"}],"author":[{"embeddable":true,"href":"https:\/\/zsp1konskie.com\/index.php?rest_route=\/wp\/v2\/users\/1"}],"replies":[{"embeddable":true,"href":"https:\/\/zsp1konskie.com\/index.php?rest_route=%2Fwp%2Fv2%2Fcomments&post=8"}],"version-history":[{"count":5,"href":"https:\/\/zsp1konskie.com\/index.php?rest_route=\/wp\/v2\/pages\/8\/revisions"}],"predecessor-version":[{"id":686,"href":"https:\/\/zsp1konskie.com\/index.php?rest_route=\/wp\/v2\/pages\/8\/revisions\/686"}],"wp:attachment":[{"href":"https:\/\/zsp1konskie.com\/index.php?rest_route=%2Fwp%2Fv2%2Fmedia&parent=8"}],"curies":[{"name":"wp","href":"https:\/\/api.w.org\/{rel}","templated":true}]}}